{"id":286,"date":"2021-02-28T14:54:16","date_gmt":"2021-02-28T14:54:16","guid":{"rendered":"https:\/\/bslthemes.site\/oblo\/?page_id=286"},"modified":"2023-07-05T11:42:20","modified_gmt":"2023-07-05T11:42:20","slug":"blog","status":"publish","type":"page","link":"https:\/\/cappadociaequine.com\/index.php\/blog\/","title":{"rendered":"Blog"},"content":{"rendered":"\t\t<div data-elementor-type=\"wp-page\" data-elementor-id=\"286\" class=\"elementor elementor-286\">\n\t\t\t\t\t\t\t\t\t<section class=\"elementor-section elementor-top-section elementor-element elementor-element-be40dd6 elementor-section-full_width align-center elementor-section-height-default elementor-section-height-default\" data-id=\"be40dd6\" data-element_type=\"section\">\n\t\t\t\t\t\t<div class=\"elementor-container elementor-column-gap-no\">\n\t\t\t\t\t<div class=\"elementor-column elementor-col-100 elementor-top-column elementor-element elementor-element-fa00d84\" data-id=\"fa00d84\" data-element_type=\"column\">\n\t\t\t<div class=\"elementor-widget-wrap elementor-element-populated\">\n\t\t\t\t\t\t\t\t<div class=\"elementor-element elementor-element-fc748b9 elementor-widget elementor-widget-oblo-section-heading\" data-id=\"fc748b9\" data-element_type=\"widget\" data-widget_type=\"oblo-section-heading.default\">\n\t\t\t\t<div class=\"elementor-widget-container\">\n\t\t\t\n\t\t<!-- Section Started Heading -->\n\t\t<div class=\"section section-inner started-heading\">\n\t\t\t<div class=\"container\">\n\t\t\t\t<div class=\"row\">\n\t\t\t\t\t<div class=\"col-xs-12 col-sm-12 col-md-12 col-lg-12\">\n\n\t\t\t\t\t\t<!-- titles -->\n\t\t\t\t\t\t<div class=\"h-titles\">\n\t\t\t\t\t\t\t\t\t\t\t\t\t\t<div class=\"h-subtitle red splitting-text-anim-1 scroll-animate\" data-splitting=\"chars\" data-animate=\"active\">\n\t\t\t\t\t\t\t\t<span >\n\t\t\t\t\t\t\t\t\tOur\t\t\t\t\t\t\t\t<\/span>\n\t\t\t\t\t\t\t<\/div>\n\t\t\t\t\t\t\t\t\t\t\t\t\t\t\t\t\t\t\t\t\t<div class=\"h-title splitting-text-anim-2 scroll-animate\" data-splitting=\"chars\" data-animate=\"active\">\n\t\t\t\t\t\t\t\t<span >\n\t\t\t\t\t\t\t\t\tblog\t\t\t\t\t\t\t\t<\/span>\n\t\t\t\t\t\t\t<\/div>\n\t\t\t\t\t\t\t\t\t\t\t\t\t\t\t\t\t\t\t\t<\/div>\n\n\t\t\t\t\t<\/div>\n\t\t\t\t<\/div>\n\t\t\t<\/div>\n\t\t<\/div>\n\n\t\t\t\t<\/div>\n\t\t\t\t<\/div>\n\t\t\t\t<div class=\"elementor-element elementor-element-033a103 elementor-widget elementor-widget-oblo-blog-archive\" data-id=\"033a103\" data-element_type=\"widget\" data-widget_type=\"oblo-blog-archive.default\">\n\t\t\t\t<div class=\"elementor-widget-container\">\n\t\t\t\n\t\t<!-- Section Archive -->\n\t\t<div class=\"section section-inner m-archive\">\n\t\t\t<div class=\"container\">\n\t\t\t\t<div class=\"row\">\n\t\t\t\t\t<div class=\"col-xs-12 col-sm-12 col-md-12 col-lg-12\">\n\t\t\t\t\t\t\n\t\t\t\t\t\t<!-- archive items -->\n\t\t\t\t\t\t<div class=\"archive-items\">\n\n\t\t\t\t\t\t\t\n\n<div class=\"archive-item scrolla-element-anim-1 scroll-animate\" data-animate=\"active\">\n\t<div id=\"post-3024\" class=\"post-3024 post type-post status-publish format-standard hentry category-uncategorized\">\n\t\t\t\t<div class=\"desc\">\n\t\t\t<div class=\"category\">\n\t\t\t\tUncategorized<span> \/ <\/span><span>May 6, 2026<\/span>\t\t\t<\/div>\n\t\t\t<div class=\"title\">\n\t\t\t\t<a href=\"https:\/\/cappadociaequine.com\/index.php\/2026\/05\/06\/opplev-spenningen-med-ekte-penger-spill-hos-kyngs-casino\/\">Opplev spenningen med ekte penger-spill hos Kyngs Casino<\/a>\n\t\t\t<\/div>\n\t\t\t\t\t\t<div class=\"text\">\n\t\t\t\t<p>I denne artikkelen vil vi utforske hva som gj\u00f8r Kyngs Casino til et attraktivt valg for spillere som \u00f8nsker \u00e5 oppleve spenningen med ekte penger-spill. Vi vil se n\u00e6rmere p\u00e5 spillutvalget, bonustilbudene, sikkerhet og ansvarlig spilling, samt den generelle brukeropplevelsen. Uansett om du er&#8230; <\/p>\n<div class=\"readmore\"><a href=\"https:\/\/cappadociaequine.com\/index.php\/2026\/05\/06\/opplev-spenningen-med-ekte-penger-spill-hos-kyngs-casino\/\" class=\"btn-link\">Read more<\/a><\/div>\n\t\t\t<\/div>\n\t\t\t\t\t<\/div>\n\t<\/div><!-- #post-3024 -->\n<\/div>\n\n<div class=\"archive-item scrolla-element-anim-1 scroll-animate\" data-animate=\"active\">\n\t<div id=\"post-3021\" class=\"post-3021 post type-post status-publish format-standard hentry category-uncategorized\">\n\t\t\t\t<div class=\"desc\">\n\t\t\t<div class=\"category\">\n\t\t\t\tUncategorized<span> \/ <\/span><span>May 3, 2026<\/span>\t\t\t<\/div>\n\t\t\t<div class=\"title\">\n\t\t\t\t<a href=\"https:\/\/cappadociaequine.com\/index.php\/2026\/05\/03\/neue-wege-im-mobilen-glucksspiel-wie-chicken-road-das-slot-erlebnis-neu-belebt\/\">Neue Wege im mobilen Gl\u00fccksspiel: Wie Chicken Road das Slot-Erlebnis neu belebt<\/a>\n\t\t\t<\/div>\n\t\t\t\t\t\t<div class=\"text\">\n\t\t\t\t<p>Was macht Chicken Road auf dem Handy so besonders? Chicken Road steht f\u00fcr schnelle, intuitive Navigation, die auf kleinen Bildschirmen wirklich Sinn macht. Nutzer bemerken sofort die kurze Ladezeit und die klare Men\u00fcf\u00fchrung, die es erlaubt, spontan ein paar Spins einzulegen, ohne lange zu&#8230; <\/p>\n<div class=\"readmore\"><a href=\"https:\/\/cappadociaequine.com\/index.php\/2026\/05\/03\/neue-wege-im-mobilen-glucksspiel-wie-chicken-road-das-slot-erlebnis-neu-belebt\/\" class=\"btn-link\">Read more<\/a><\/div>\n\t\t\t<\/div>\n\t\t\t\t\t<\/div>\n\t<\/div><!-- #post-3021 -->\n<\/div>\n\n<div class=\"archive-item scrolla-element-anim-1 scroll-animate\" data-animate=\"active\">\n\t<div id=\"post-3019\" class=\"post-3019 post type-post status-publish format-standard hentry category-uncategorized\">\n\t\t\t\t<div class=\"desc\">\n\t\t\t<div class=\"category\">\n\t\t\t\tUncategorized<span> \/ <\/span><span>May 1, 2026<\/span>\t\t\t<\/div>\n\t\t\t<div class=\"title\">\n\t\t\t\t<a href=\"https:\/\/cappadociaequine.com\/index.php\/2026\/05\/01\/the-ultimate-strategies-for-winning-at-win-2-chill-casino-online\/\">The Ultimate Strategies for Winning at Win 2 Chill Casino Online<\/a>\n\t\t\t<\/div>\n\t\t\t\t\t\t<div class=\"text\">\n\t\t\t\t<p>Welcome to our comprehensive guide on mastering your gameplay at casino win 2 chill. In this article, we\u2019ll explore essential strategies to enhance your winning potential, from understanding game mechanics to managing your bankroll effectively. Whether you\u2019re a seasoned player or just starting, our&#8230; <\/p>\n<div class=\"readmore\"><a href=\"https:\/\/cappadociaequine.com\/index.php\/2026\/05\/01\/the-ultimate-strategies-for-winning-at-win-2-chill-casino-online\/\" class=\"btn-link\">Read more<\/a><\/div>\n\t\t\t<\/div>\n\t\t\t\t\t<\/div>\n\t<\/div><!-- #post-3019 -->\n<\/div>\n\n<div class=\"archive-item scrolla-element-anim-1 scroll-animate\" data-animate=\"active\">\n\t<div id=\"post-3015\" class=\"post-3015 post type-post status-publish format-standard hentry category-uncategorized\">\n\t\t\t\t<div class=\"desc\">\n\t\t\t<div class=\"category\">\n\t\t\t\tUncategorized<span> \/ <\/span><span>April 30, 2026<\/span>\t\t\t<\/div>\n\t\t\t<div class=\"title\">\n\t\t\t\t<a href=\"https:\/\/cappadociaequine.com\/index.php\/2026\/04\/30\/gli-aspetti-chiave-del-gioco-chicken-road-demo-e-le-sue-vincite\/\">Gli aspetti chiave del gioco Chicken Road demo e le sue vincite<\/a>\n\t\t\t<\/div>\n\t\t\t\t\t\t<div class=\"text\">\n\t\t\t\t<p>In questo articolo esploreremo i principali aspetti del gioco Chicken Road demo e le sue potenziali vincite. Analizzeremo come funziona il gameplay, le diverse modalit\u00e0 di gioco e i bonus offerti, nonch\u00e9 le strategie per massimizzare le vincite. Inoltre, daremo un&#8217;occhiata alle recensioni degli&#8230; <\/p>\n<div class=\"readmore\"><a href=\"https:\/\/cappadociaequine.com\/index.php\/2026\/04\/30\/gli-aspetti-chiave-del-gioco-chicken-road-demo-e-le-sue-vincite\/\" class=\"btn-link\">Read more<\/a><\/div>\n\t\t\t<\/div>\n\t\t\t\t\t<\/div>\n\t<\/div><!-- #post-3015 -->\n<\/div>\t\t\t\t\t\t\t\n\t\t\t\t\t\t<\/div>\n\n\t\t\t\t\t\t<!-- pager -->\n\t\t\t\t\t\t<div class=\"pager\">\n\t\t\t\t\t\t\t<span aria-current=\"page\" class=\"page-numbers current\">1<\/span>\n<a class=\"page-numbers\" href=\"https:\/\/cappadociaequine.com\/index.php\/wp-json\/wp\/v2\/pages\/286\/page\/2\/\">2<\/a>\n<a class=\"page-numbers\" href=\"https:\/\/cappadociaequine.com\/index.php\/wp-json\/wp\/v2\/pages\/286\/page\/3\/\">3<\/a>\n<span class=\"page-numbers dots\">&hellip;<\/span>\n<a class=\"page-numbers\" href=\"https:\/\/cappadociaequine.com\/index.php\/wp-json\/wp\/v2\/pages\/286\/page\/13\/\">13<\/a>\n<a class=\"next page-numbers\" href=\"https:\/\/cappadociaequine.com\/index.php\/wp-json\/wp\/v2\/pages\/286\/page\/2\/\"><i class=\"icon-arrow\"><\/i><\/a>\t\t\t\t\t\t<\/div>\n\t\t\t\t\t\t\t\t\t\t\t<\/div>\n\t\t\t\t\t\t\t\t\t<\/div>\n\t\t\t<\/div>\n\t\t<\/div>\n\n\t\t\t\t<\/div>\n\t\t\t\t<\/div>\n\t\t\t\t\t<\/div>\n\t\t<\/div>\n\t\t\t\t\t\t\t<\/div>\n\t\t<\/section>\n\t\t\t\t<section class=\"elementor-section elementor-top-section elementor-element elementor-element-cb9e54a elementor-section-full_width elementor-section-height-default elementor-section-height-default\" data-id=\"cb9e54a\" data-element_type=\"section\">\n\t\t\t\t\t\t<div class=\"elementor-container elementor-column-gap-no\">\n\t\t\t\t\t<div class=\"elementor-column elementor-col-100 elementor-top-column elementor-element elementor-element-781d81b\" data-id=\"781d81b\" data-element_type=\"column\">\n\t\t\t<div class=\"elementor-widget-wrap\">\n\t\t\t\t\t\t\t\t\t<\/div>\n\t\t<\/div>\n\t\t\t\t\t\t\t<\/div>\n\t\t<\/section>\n\t\t\t\t\t\t\t<\/div>\n\t\t","protected":false},"excerpt":{"rendered":"<p>Our blog Uncategorized \/ June 23, 2022 Cappadocia Wild Horses Cappadoica crowns its unique beauty with wildness of Y\u0131lk\u0131 Horses. It is really a once in a life experience for every horse lover and especially for equine photographers. Beside its unique rock formations, colourful&#8230; <\/p>\n<div class=\"readmore\"><a href=\"https:\/\/cappadociaequine.com\/index.php\/2026\/04\/30\/gli-aspetti-chiave-del-gioco-chicken-road-demo-e-le-sue-vincite\/\" class=\"btn-link\">Read more<\/a><\/div>\n","protected":false},"author":1,"featured_media":0,"parent":0,"menu_order":0,"comment_status":"closed","ping_status":"closed","template":"template-layout-builder.php","meta":{"om_disable_all_campaigns":false,"_monsterinsights_skip_tracking":false,"_monsterinsights_sitenote_active":false,"_monsterinsights_sitenote_note":"","_monsterinsights_sitenote_category":0,"footnotes":""},"acf":[],"_links":{"self":[{"href":"https:\/\/cappadociaequine.com\/index.php\/wp-json\/wp\/v2\/pages\/286"}],"collection":[{"href":"https:\/\/cappadociaequine.com\/index.php\/wp-json\/wp\/v2\/pages"}],"about":[{"href":"https:\/\/cappadociaequine.com\/index.php\/wp-json\/wp\/v2\/types\/page"}],"author":[{"embeddable":true,"href":"https:\/\/cappadociaequine.com\/index.php\/wp-json\/wp\/v2\/users\/1"}],"replies":[{"embeddable":true,"href":"https:\/\/cappadociaequine.com\/index.php\/wp-json\/wp\/v2\/comments?post=286"}],"version-history":[{"count":11,"href":"https:\/\/cappadociaequine.com\/index.php\/wp-json\/wp\/v2\/pages\/286\/revisions"}],"predecessor-version":[{"id":2736,"href":"https:\/\/cappadociaequine.com\/index.php\/wp-json\/wp\/v2\/pages\/286\/revisions\/2736"}],"wp:attachment":[{"href":"https:\/\/cappadociaequine.com\/index.php\/wp-json\/wp\/v2\/media?parent=286"}],"curies":[{"name":"wp","href":"https:\/\/api.w.org\/{rel}","templated":true}]}}